{"id":7,"date":"2018-12-07T10:42:50","date_gmt":"2018-12-07T10:42:50","guid":{"rendered":"http:\/\/trio-a-due.de\/?page_id=7"},"modified":"2018-12-17T11:09:52","modified_gmt":"2018-12-17T11:09:52","slug":"about-me","status":"publish","type":"page","link":"https:\/\/www.trio-a-due.de\/?page_id=7","title":{"rendered":"Biography"},"content":{"rendered":"<p>[vc_row][vc_column][vc_media_grid element_width=&#8221;3&#8243; grid_id=&#8221;vc_gid:1545044808843-75748e6f-076c-3&#8243; include=&#8221;77,231,75,73,72,230,267,232,265,264,266,268&#8243;][vc_column_text]The best of the past years &#8230; | Media-Galerie aus den vergangen Jahren &#8230;[\/vc_column_text][\/vc_column][\/vc_row][vc_row css=&#8221;.vc_custom_1540559290299{padding-top: 50px !important;padding-bottom: 100px !important;}&#8221;][vc_column width=&#8221;1\/2&#8243;][vc_column_text]<\/p>\n<h2>TRIO A DUE<br \/>\nTwo Voices \u2013 Two Hands \u2013 Three Sounds<\/h2>\n<p>Nat \u201eKing\u201c Cole did it \u2013 Carole King and Elton John. In the world of popular music it is not unusual for an artist to accompany himself at the piano. In the classical world by contrast, it is extremely rare.<\/p>\n<p><strong>Trio A Due.<\/strong> Not one voice, but two.<strong> Two voices \u2013 Two hands \u2013 Three sounds &#8211;<\/strong> uniting with rare charm and artistry to delight modern audiences. Like the witches in Goethe\u00b4s Faust who made three from two through their sorcery, these musical magicians enchant their listeners with the bewitching blend of Almut Seebeck\u00b4s clear lyric soprano, the warm timbre of Felicitas Weyer\u00b4s natural mezzo, and her expert piano accompaniment.<\/p>\n<p>Their critical acclaim and popularity reflects the rare warmth they evoke in their audiences with their musical magic.<\/p>\n<p>Trio A Due have performed all over Germany; a burgeoning international career has taken them so far, all over Europe, Vietnam, Australia (Opera House Sydney) and New Zealand.<\/p>\n<p>Trio A Due received the inaugural award of the German Niggemann Foundation for talented artists.<br \/>\nThe Trio\u00b4s duo-repertoire (sic) ranges from the tragic and serious to a delicious and communicative frivolity. Their repertoire embraces Lieder and Duets by Hildegard von Bingen, Purcell, Handel, Mendelssohn, Schumann, Brahms and Dvor\u00e1k, Ives, the minimalistic adventures of Philip Glass and and compositions by the Australians Robert Lloyd and Richard Vella dedicated to Trio A Due. A special feature of their music-making has been the development of a new repertoire of Italian Arie Antiche, Celtic Traditionals , Yiddish Songs, Gypsy Songs and Jazz Standards arranged by Felicitas Weyer expressing the two artist\u00b4s full range of emotions.<br \/>\nThe Trio A Due can be heard on CDs with Lieder by Brahms, Dvor\u00e1k, Rachmaninov, Glass, Christmas Carols and their arrangements of Italian Arie Antiche, Celtic Traditionals , Yiddish Songs, Gypsy Songs and Jazz Standards.<br \/>\nNumerous sound portraits of the Duo have been broadcasted, but even the professionalism of these recordings cannot quite catch the full atmosphere of them live \u2013 two beautiful women in complete harmony with each other and their music, like the two sisters in the Brahms\u00b4 duet of that title which they sing with such joy.<\/p>\n<p><strong>Almut Seebeck &#8211; Soprano<\/strong>, whose maternal ancestors came from Bohemia, was born in Bremen, Germany. She completed her studies in medicine and vocal training with Ingeborg Hallstein, Karl-Heinz Jarius, Charlotte Lehmann, Ingrid Bjoner on a scholarship by the Studienstiftung des Deutschen Volkes, scenic studies with Christof Loy.<br \/>\nAfter attaining a PhD and licence to practice as a doctor she turned to singing.<br \/>\n2005 to 2007 lecturer for Lied at the University of Queensland\/Australia.<\/p>\n<p><strong>Felicitas Weyer &#8211; Mezzosoprano &amp; Piano, <\/strong>born in Erlangen, Germany, into a family of musicians, studied piano with Norman Shetler, Marta Sosinska and Andrzej Jacinski.<br \/>\nVocal training with Karl-Heinz Jarius.<br \/>\nLecturer for song accompaniment and vocal training at the University in W\u00fcrzburg, Germany, and the University of Queensland\/ Australia.[\/vc_column_text][\/vc_column][vc_column width=&#8221;1\/2&#8243;][vc_column_text]<\/p>\n<h2>TRIO A DUE<br \/>\nTwo Voices \u2013 Two Hands \u2013 Three Sounds<\/h2>\n<p>Die Frage, wie zwei Interpretinnen ein Trio bilden k\u00f6nnen, l\u00f6st sich schnell, wenn man die beiden international erfolgreichen S\u00e4ngerinnen mit dem hochenergetischen Potential auf der B\u00fchne agieren sieht und h\u00f6rt: Almut Seebeck, Sopran &amp; Rezitation, und Felicitas Weyer, Mezzosopran &amp; Piano.<br \/>\nDurch die atemberaubende Perfektion ihrer Darbietungsweise, ihre herausragende Homogenit\u00e4t, stimmliche Brillanz und Nat\u00fcrlichkeit haben sich die beiden K\u00fcnstlerinnen schnell einen Namen gemacht.<\/p>\n<p>Das TRIO A DUE ist ein in dieser Besetzung einmaliges Ensemble. Der Dreiklang zu zweit ist f\u00fcr Almut Seebeck und Felicitas Weyer die nat\u00fcrlichste Sache der Welt, und so sehen das auch die erstaunten H\u00f6rer ihres anspruchsvollen Liedprogramms. Da findet die Spielweise der fahrenden S\u00e4nger des Mittelalters und der dichte Sound des selbstbegleiteten Vocal-Jazz von Nat King Cole bis Elton John Eingang in diese Liedkunst.<\/p>\n<p>Das Ergebnis ist eine spr\u00fchende Darstellung auf h\u00f6chstem gesanglichem Niveau. Das seit 1996 bestehende Ensemble wurde gemeinsam bei Karl-Heinz Jarius, seinerzeit Meistersch\u00fcler des legend\u00e4ren Tenors Benjamino Gigli, geschult.<br \/>\nDas Ensemble wurde mit dem ersten Preis der hochdotierten Niggemann-Stiftung f\u00fcr begabte K\u00fcnstler ausgezeichnet. Ihre au\u00dfergew\u00f6hnlichen Performances f\u00fchrten sie bisher durch ganz Europa, Australien, Neuseeland und nach Vietnam.<\/p>\n<p>CD-Einspielungen und Rundfunk-\/Fernsehproduktionen machten sie einem breiten Publikum bekannt. Ihr Repertoire umfasst Hildegard von Bingen, Purcell, H\u00e4ndel, Mendelssohn, Schumann, Dvorak, Brahms, Rachmaninow, Musik des 20. Jahrhunderts (Britten, Quilter, Grainger, Ives, Cage, Glass), eigens f\u00fcr das Trio entstandene Kompositionen australischer Komponisten (Lloyd,Vella). Einen weiteren Schwerpunkt bilden die eigenen Arrangements von Barockarien, Zigeunerliedern, Keltischen Traditionals, Jazz-Standards, eine Hildegard-von-Bingen-Performance sowie Jiddische Lieder. Mit ihnen erarbeitete sich das Trio A Due eine v\u00f6llig neue, in dieser substantiellen Qualit\u00e4t bislang ungeh\u00f6rte Repertoire-Nische. Die anspruchsvollen Klavier-Arrangements stammen von Felicitas Weyer selbst; und so \u00e4u\u00dfert sich die emotionale Bandbreite der beiden K\u00fcnstlerinnen bei den Eigenarrangements besonders eindrucksvoll.<\/p>\n<p><strong>Almut Seebeck \u00b7 Sopran<\/strong>, deren Vorfahren m\u00fctterlicherseits aus B\u00f6hmen stammten, wurde in Bremen geboren. Sie absolvierte als Stipendiatin der Studienstiftung des Deutschen Volkes ein Doppelstudium in den F\u00e4chern Medizin und Gesang. Sie wandte sich nach Promotion und Approbation als \u00c4rztin dem Gesang zu, studierte bei Karl-Heinz Jarius, Ingeborg Hallstein, Charlotte Lehmann, Ingrid Bjoner, Norman Shetler, Christof Loy. Dozentur f\u00fcr Liedgestaltung an der St Lucia University of Queensland \/ Australien.<\/p>\n<p><strong>Felicitas Weyer \u00b7 Mezzosopran &amp; Klavier,<\/strong> geboren in Erlangen, entstammt einer Musikerfamilie, studierte Klavier bei Norman Shetler, Marta Sosinska, Charles Spencer und Andrzej Jacinski, ihre Gesangsausbildung erhielt sie bei Norma Lerer und Karl-Heinz Jarius. Dozenturen f\u00fcr Liedbegleitung und Gesang an der Musikhochschule und Universit\u00e4t W\u00fcrzburg und an der St Lucia University of Queensland \/ Australien.[\/vc_column_text][\/vc_column][\/vc_row]<\/p>\n","protected":false},"excerpt":{"rendered":"<p>[vc_row][vc_column][vc_media_grid element_width=&#8221;3&#8243; grid_id=&#8221;vc_gid:1545044808843-75748e6f-076c-3&#8243; include=&#8221;77,231,75,73,72,230,267,232,265,264,266,268&#8243;][vc_column_text]The best of the past years &#8230; | Media-Galerie aus den vergangen Jahren &#8230;[\/vc_column_text][\/vc_column][\/vc_row][vc_row css=&#8221;.vc_custom_1540559290299{padding-top: 50px !important;padding-bottom: 100px !important;}&#8221;][vc_column width=&#8221;1\/2&#8243;][vc_column_text] TRIO A DUE Two Voices \u2013 Two Hands \u2013 Three Sounds Nat \u201eKing\u201c Cole did it \u2013 Carole King and Elton John. [&hellip;]<\/p>\n","protected":false},"author":1,"featured_media":0,"parent":0,"menu_order":0,"comment_status":"closed","ping_status":"closed","template":"","meta":[],"_links":{"self":[{"href":"https:\/\/www.trio-a-due.de\/index.php?rest_route=\/wp\/v2\/pages\/7"}],"collection":[{"href":"https:\/\/www.trio-a-due.de\/index.php?rest_route=\/wp\/v2\/pages"}],"about":[{"href":"https:\/\/www.trio-a-due.de\/index.php?rest_route=\/wp\/v2\/types\/page"}],"author":[{"embeddable":true,"href":"https:\/\/www.trio-a-due.de\/index.php?rest_route=\/wp\/v2\/users\/1"}],"replies":[{"embeddable":true,"href":"https:\/\/www.trio-a-due.de\/index.php?rest_route=%2Fwp%2Fv2%2Fcomments&post=7"}],"version-history":[{"count":16,"href":"https:\/\/www.trio-a-due.de\/index.php?rest_route=\/wp\/v2\/pages\/7\/revisions"}],"predecessor-version":[{"id":272,"href":"https:\/\/www.trio-a-due.de\/index.php?rest_route=\/wp\/v2\/pages\/7\/revisions\/272"}],"wp:attachment":[{"href":"https:\/\/www.trio-a-due.de\/index.php?rest_route=%2Fwp%2Fv2%2Fmedia&parent=7"}],"curies":[{"name":"wp","href":"https:\/\/api.w.org\/{rel}","templated":true}]}}